{"id":29115,"date":"2025-09-27T21:07:59","date_gmt":"2025-09-27T21:07:59","guid":{"rendered":"https:\/\/milaelegance.com\/affiliate-dashboard\/"},"modified":"2025-09-28T11:18:03","modified_gmt":"2025-09-28T11:18:03","slug":"affiliate-dashboard","status":"publish","type":"page","link":"https:\/\/milaelegance.com\/en\/affiliate-dashboard\/","title":{"rendered":"Affiliate Dashboard"},"content":{"rendered":"<div data-elementor-type=\"wp-page\" data-elementor-id=\"29115\" class=\"elementor elementor-29115\" data-elementor-post-type=\"page\">\n\t\t\t\t<div class=\"wd-negative-gap elementor-element elementor-element-62c13873 e-flex e-con-boxed e-con e-parent\" data-id=\"62c13873\" data-element_type=\"container\">\n\t\t\t\t\t<div class=\"e-con-inner\">\n\t\t\t\t<div class=\"elementor-element elementor-element-6e6ec9a8 color-scheme-inherit text-left elementor-widget elementor-widget-text-editor\" data-id=\"6e6ec9a8\" data-element_type=\"widget\" data-widget_type=\"text-editor.default\">\n\t\t\t\t\t\t\t\t\t<div class=\"yith-wcaf yith-wcaf-registration-form woocommerce\">\n<div class=\"forms-container\">\n<h2 class=\"register-title\">\n\t\t\t\t\t\tRegister\t\t\t\t\t<\/h2>\n<div class=\"register-form\">\n<form method=\"post\" class=\"register\" action=\"\">\n<p class=\"form-row validate-required\" id=\"profile_first_name_field\" data-priority=\"\"><label for=\"profile_first_name\" class=\"required_field\">First name&nbsp;<span class=\"required\" aria-hidden=\"true\">*<\/span><\/label><span class=\"woocommerce-input-wrapper\"><input type=\"text\" class=\"input-text\" name=\"first_name\" id=\"profile_first_name\" placeholder=\"\"  value=\"\" aria-required=\"true\" \/><\/span><\/p>\n<p class=\"form-row validate-required\" id=\"profile_last_name_field\" data-priority=\"\"><label for=\"profile_last_name\" class=\"required_field\">Last name&nbsp;<span class=\"required\" aria-hidden=\"true\">*<\/span><\/label><span class=\"woocommerce-input-wrapper\"><input type=\"text\" class=\"input-text\" name=\"last_name\" id=\"profile_last_name\" placeholder=\"\"  value=\"\" aria-required=\"true\" \/><\/span><\/p>\n<p class=\"form-row validate-required\" id=\"profile_email_field\" data-priority=\"\"><label for=\"profile_email\" class=\"required_field\">Email address&nbsp;<span class=\"required\" aria-hidden=\"true\">*<\/span><\/label><span class=\"woocommerce-input-wrapper\"><input type=\"email\" class=\"input-text\" name=\"email\" id=\"profile_email\" placeholder=\"\"  value=\"\" data-validation=\"email\" aria-required=\"true\" \/><\/span><\/p>\n<p class=\"form-row\">\n\t\t\t\t<span class=\"woocommerce-privacy-policy-text\"><br \/>\n\t\t\t\t\tVos donn\u00e9es personnelles seront utilis\u00e9es pour soutenir votre exp\u00e9rience sur ce site Web, pour g\u00e9rer l&rsquo;acc\u00e8s \u00e0 votre compte et \u00e0 d&rsquo;autres fins d\u00e9crites dans notre [politique_de_confidentialit\u00e9].\t\t\t\t<\/span>\n\t\t\t<\/p>\n<p class=\"form-row terms-label validate-required\" id=\"profile_terms_field\" data-priority=\"\"><span class=\"woocommerce-input-wrapper\"><label class=\"checkbox terms-label\" ><input type=\"checkbox\" name=\"terms\" id=\"profile_terms\" value=\"1\" class=\"input-checkbox\"  aria-required=\"true\" \/> J\u2019ai lu et j\u2019accepte les <a href=\"https:\/\/milaelegance.com\/en\/conditions-generales-de-vente-cgv\/\" class=\"woocommerce-terms-and-conditions-link\" target=\"_blank\" data-no-translation=\"\" data-trp-gettext=\"\">terms and conditions<\/a>&nbsp;<span class=\"required\" aria-hidden=\"true\">*<\/span><\/label><\/span><\/p>\n<p>\t\t\t\t\t\t<wc-order-attribution-inputs><\/wc-order-attribution-inputs><\/p>\n<p class=\"form-row\">\n\t\t\t\t\t\t\t<input type=\"hidden\" id=\"woocommerce-register-nonce\" name=\"woocommerce-register-nonce\" value=\"5ec668091c\" \/><input type=\"hidden\" name=\"_wp_http_referer\" value=\"\/en\/wp-json\/wp\/v2\/pages\/29115\" \/>\t\t\t\t\t\t\t<input type=\"hidden\" id=\"register_affiliate\" name=\"register_affiliate\" value=\"a0854aff77\" \/><br \/>\n\t\t\t\t\t\t\t<input type=\"submit\" class=\"button\" name=\"register\" value=\"Register\"\/>\n\t\t\t\t\t\t<\/p>\n<\/p><input type=\"hidden\" name=\"trp-form-language\" value=\"en\"\/><\/form>\n<\/p><\/div>\n<\/p><\/div>\n<\/p><\/div>\n\t\t\t\t\t\t\t\t<\/div>\n\t\t\t\t\t<\/div>\n\t\t\t\t<\/div>\n\t\t\t\t<\/div>","protected":false},"excerpt":{"rendered":"","protected":false},"author":1,"featured_media":0,"parent":0,"menu_order":0,"comment_status":"closed","ping_status":"closed","template":"elementor_header_footer","meta":{"footnotes":""},"class_list":["post-29115","page","type-page","status-publish","hentry"],"_hostinger_reach_plugin_has_subscription_block":false,"_hostinger_reach_plugin_is_elementor":false,"_links":{"self":[{"href":"https:\/\/milaelegance.com\/en\/wp-json\/wp\/v2\/pages\/29115","targetHints":{"allow":["GET"]}}],"collection":[{"href":"https:\/\/milaelegance.com\/en\/wp-json\/wp\/v2\/pages"}],"about":[{"href":"https:\/\/milaelegance.com\/en\/wp-json\/wp\/v2\/types\/page"}],"author":[{"embeddable":true,"href":"https:\/\/milaelegance.com\/en\/wp-json\/wp\/v2\/users\/1"}],"replies":[{"embeddable":true,"href":"https:\/\/milaelegance.com\/en\/wp-json\/wp\/v2\/comments?post=29115"}],"version-history":[{"count":3,"href":"https:\/\/milaelegance.com\/en\/wp-json\/wp\/v2\/pages\/29115\/revisions"}],"predecessor-version":[{"id":29131,"href":"https:\/\/milaelegance.com\/en\/wp-json\/wp\/v2\/pages\/29115\/revisions\/29131"}],"wp:attachment":[{"href":"https:\/\/milaelegance.com\/en\/wp-json\/wp\/v2\/media?parent=29115"}],"curies":[{"name":"wp","href":"https:\/\/api.w.org\/{rel}","templated":true}]}}