{"id":29040,"date":"2025-09-26T18:57:33","date_gmt":"2025-09-26T18:57:33","guid":{"rendered":"https:\/\/milaelegance.com\/?page_id=29040"},"modified":"2025-09-26T18:57:38","modified_gmt":"2025-09-26T18:57:38","slug":"a-propos","status":"publish","type":"page","link":"https:\/\/milaelegance.com\/en\/a-propos\/","title":{"rendered":"About"},"content":{"rendered":"<p><strong>\u00c0 propos de Mila\u00c9l\u00e9gance<\/strong><\/p>\n\n\n\n<p>Mila\u00c9l\u00e9gance est une boutique en ligne d\u00e9di\u00e9e \u00e0 la mode f\u00e9minine \u00e9l\u00e9gante, moderne et respectueuse de chaque style.<\/p>\n\n\n\n<p>Notre mission est d\u2019offrir aux femmes des v\u00eatements raffin\u00e9s et accessibles, alliant confort et \u00e9l\u00e9gance.<br>Nous proposons une large gamme :<\/p>\n\n\n\n<ul class=\"wp-block-list\">\n<li><strong>Abayas &amp; robes<\/strong> pour le quotidien et les grandes occasions<\/li>\n\n\n\n<li><strong>Hijabs et accessoires<\/strong> pour sublimer votre style<\/li>\n\n\n\n<li><strong>Manteaux &amp; ensembles<\/strong> pour un look chic et moderne<\/li>\n\n\n\n<li><strong>Beauty products<\/strong> pour compl\u00e9ter votre \u00e9l\u00e9gance<\/li>\n<\/ul>\n\n\n\n<p>\ud83d\udc96 Chez Mila\u00c9l\u00e9gance, chaque femme m\u00e9rite de se sentir belle et confiante.<\/p>","protected":false},"excerpt":{"rendered":"<p>\u00c0 propos de Mila\u00c9l\u00e9gance Mila\u00c9l\u00e9gance est une boutique en ligne d\u00e9di\u00e9e \u00e0 la mode f\u00e9minine \u00e9l\u00e9gante, moderne et respectueuse de<\/p>","protected":false},"author":1,"featured_media":0,"parent":0,"menu_order":0,"comment_status":"closed","ping_status":"closed","template":"","meta":{"footnotes":""},"class_list":["post-29040","page","type-page","status-publish","hentry"],"_hostinger_reach_plugin_has_subscription_block":false,"_hostinger_reach_plugin_is_elementor":false,"_links":{"self":[{"href":"https:\/\/milaelegance.com\/en\/wp-json\/wp\/v2\/pages\/29040","targetHints":{"allow":["GET"]}}],"collection":[{"href":"https:\/\/milaelegance.com\/en\/wp-json\/wp\/v2\/pages"}],"about":[{"href":"https:\/\/milaelegance.com\/en\/wp-json\/wp\/v2\/types\/page"}],"author":[{"embeddable":true,"href":"https:\/\/milaelegance.com\/en\/wp-json\/wp\/v2\/users\/1"}],"replies":[{"embeddable":true,"href":"https:\/\/milaelegance.com\/en\/wp-json\/wp\/v2\/comments?post=29040"}],"version-history":[{"count":1,"href":"https:\/\/milaelegance.com\/en\/wp-json\/wp\/v2\/pages\/29040\/revisions"}],"predecessor-version":[{"id":29044,"href":"https:\/\/milaelegance.com\/en\/wp-json\/wp\/v2\/pages\/29040\/revisions\/29044"}],"wp:attachment":[{"href":"https:\/\/milaelegance.com\/en\/wp-json\/wp\/v2\/media?parent=29040"}],"curies":[{"name":"wp","href":"https:\/\/api.w.org\/{rel}","templated":true}]}}