{"id":29039,"date":"2025-09-26T18:55:56","date_gmt":"2025-09-26T18:55:56","guid":{"rendered":"https:\/\/milaelegance.com\/?page_id=29039"},"modified":"2025-09-26T19:44:09","modified_gmt":"2025-09-26T19:44:09","slug":"politique-de-confidentialite","status":"publish","type":"page","link":"https:\/\/milaelegance.com\/en\/politique-de-confidentialite\/","title":{"rendered":"Privacy policy"},"content":{"rendered":"<div data-elementor-type=\"wp-page\" data-elementor-id=\"29039\" class=\"elementor elementor-29039\" data-elementor-post-type=\"page\">\n\t\t\t\t<div class=\"wd-negative-gap elementor-element elementor-element-1d926de e-flex e-con-boxed e-con e-parent\" data-id=\"1d926de\" data-element_type=\"container\">\n\t\t\t\t\t<div class=\"e-con-inner\">\n\t\t\t\t<div class=\"elementor-element elementor-element-209e8672 color-scheme-inherit text-left elementor-widget elementor-widget-text-editor\" data-id=\"209e8672\" data-element_type=\"widget\" data-widget_type=\"text-editor.default\">\n\t\t\t\t\t\t\t\t\t\n<p><strong>Politique de Confidentialit\u00e9 \u2013 Mila\u00c9l\u00e9gance.com<\/strong><\/p>\n\n\n\n<p>Chez Mila\u00c9l\u00e9gance, nous respectons et prot\u00e9geons vos donn\u00e9es personnelles.<\/p>\n\n\n\n<ul class=\"wp-block-list\">\n<li><strong>Collecte de donn\u00e9es<\/strong> : nom, adresse, e-mail, t\u00e9l\u00e9phone, informations de paiement.<\/li>\n\n\n\n<li><strong>Utilisation<\/strong> : traitement des commandes, service client, am\u00e9lioration de l\u2019exp\u00e9rience d\u2019achat.<\/li>\n\n\n\n<li><strong>Partage<\/strong> : aucune donn\u00e9e n\u2019est transmise \u00e0 des tiers non autoris\u00e9s.<\/li>\n\n\n\n<li><strong>S\u00e9curit\u00e9<\/strong> : paiements s\u00e9curis\u00e9s via SSL et prestataires fiables (Stripe, PayPal).<\/li>\n\n\n\n<li><strong>Vos droits<\/strong> : vous pouvez demander \u00e0 modifier ou supprimer vos donn\u00e9es \u00e0 tout moment.<\/li>\n<\/ul>\n\n\n\n<p>Pour toute demande : <a>contact@milaelegance.com<\/a><\/p>\n\t\t\t\t\t\t\t\t<\/div>\n\t\t\t\t\t<\/div>\n\t\t\t\t<\/div>\n\t\t\t\t<\/div>","protected":false},"excerpt":{"rendered":"<p>Politique de Confidentialit\u00e9 \u2013 Mila\u00c9l\u00e9gance.com Chez Mila\u00c9l\u00e9gance, nous respectons et prot\u00e9geons vos donn\u00e9es personnelles. Pour toute demande : contact@milaelegance.com<\/p>","protected":false},"author":1,"featured_media":0,"parent":0,"menu_order":0,"comment_status":"closed","ping_status":"closed","template":"elementor_header_footer","meta":{"footnotes":""},"class_list":["post-29039","page","type-page","status-publish","hentry"],"_hostinger_reach_plugin_has_subscription_block":false,"_hostinger_reach_plugin_is_elementor":false,"_links":{"self":[{"href":"https:\/\/milaelegance.com\/en\/wp-json\/wp\/v2\/pages\/29039","targetHints":{"allow":["GET"]}}],"collection":[{"href":"https:\/\/milaelegance.com\/en\/wp-json\/wp\/v2\/pages"}],"about":[{"href":"https:\/\/milaelegance.com\/en\/wp-json\/wp\/v2\/types\/page"}],"author":[{"embeddable":true,"href":"https:\/\/milaelegance.com\/en\/wp-json\/wp\/v2\/users\/1"}],"replies":[{"embeddable":true,"href":"https:\/\/milaelegance.com\/en\/wp-json\/wp\/v2\/comments?post=29039"}],"version-history":[{"count":4,"href":"https:\/\/milaelegance.com\/en\/wp-json\/wp\/v2\/pages\/29039\/revisions"}],"predecessor-version":[{"id":29086,"href":"https:\/\/milaelegance.com\/en\/wp-json\/wp\/v2\/pages\/29039\/revisions\/29086"}],"wp:attachment":[{"href":"https:\/\/milaelegance.com\/en\/wp-json\/wp\/v2\/media?parent=29039"}],"curies":[{"name":"wp","href":"https:\/\/api.w.org\/{rel}","templated":true}]}}