{"id":29038,"date":"2025-09-26T18:54:06","date_gmt":"2025-09-26T18:54:06","guid":{"rendered":"https:\/\/milaelegance.com\/?page_id=29038"},"modified":"2025-11-17T14:51:52","modified_gmt":"2025-11-17T14:51:52","slug":"politique-de-retour-et-remboursement","status":"publish","type":"page","link":"https:\/\/milaelegance.com\/en\/politique-de-retour-et-remboursement\/","title":{"rendered":"Return and Refunds policy"},"content":{"rendered":"<div data-elementor-type=\"wp-page\" data-elementor-id=\"29038\" class=\"elementor elementor-29038\" data-elementor-post-type=\"page\">\n\t\t\t\t<div class=\"wd-negative-gap elementor-element elementor-element-75885ee5 e-flex e-con-boxed e-con e-parent\" data-id=\"75885ee5\" data-element_type=\"container\">\n\t\t\t\t\t<div class=\"e-con-inner\">\n\t\t\t\t<div class=\"elementor-element elementor-element-3d24cb10 color-scheme-inherit text-left elementor-widget elementor-widget-text-editor\" data-id=\"3d24cb10\" data-element_type=\"widget\" data-widget_type=\"text-editor.default\">\n\t\t\t\t\t\t\t\t\t<p>Politique de remboursement<\/p>\n<p>Vous disposez de 3 jours apr\u00e8s r\u00e9ception de votre article pour demander un retour. Pour \u00eatre admissible \u00e0 un retour, votre article doit \u00eatre dans le m\u00eame \u00e9tat qu&rsquo;\u00e0 la r\u00e9ception, non port\u00e9, non utilis\u00e9, avec ses \u00e9tiquettes et dans son emballage d&rsquo;origine. Vous devrez \u00e9galement fournir le re\u00e7u ou une preuve d&rsquo;achat. Pour effectuer un retour, veuillez nous contacter \u00e0 l&rsquo;adresse contact@milaelegance.com. Si votre retour est accept\u00e9, nous vous enverrons une \u00e9tiquette de retour pr\u00e9pay\u00e9e ainsi que les instructions d&rsquo;exp\u00e9dition. Les articles retourn\u00e9s sans demande pr\u00e9alable ne seront pas accept\u00e9s. Pour toute question concernant les retours, n&rsquo;h\u00e9sitez pas \u00e0 nous contacter \u00e0 l&rsquo;adresse contact@milaelegance.com.<\/p>\n<p>Dommages et probl\u00e8mes<\/p>\n<p>Veuillez inspecter votre commande d\u00e8s r\u00e9ception et nous contacter imm\u00e9diatement si l&rsquo;article est d\u00e9fectueux, endommag\u00e9 ou si vous avez re\u00e7u le mauvais article, afin que nous puissions \u00e9valuer le probl\u00e8me et le r\u00e9soudre.<\/p>\n<p>Exceptions \/ Articles non retournables<\/p>\n<p>\u00c9changes : Pour obtenir rapidement l&rsquo;article souhait\u00e9, retournez l&rsquo;article en votre possession. Une fois le retour accept\u00e9, vous pourrez effectuer un nouvel achat.<\/p>\n<p>Remboursements : Nous vous informerons d\u00e8s r\u00e9ception et inspection de votre retour, et vous indiquerons si le remboursement est approuv\u00e9. En cas d&rsquo;approbation, vous serez automatiquement rembours\u00e9 via votre mode de paiement initial. Veuillez noter que le traitement et l&rsquo;affichage du remboursement par votre banque ou votre soci\u00e9t\u00e9 de carte de cr\u00e9dit peuvent prendre un certain temps.<\/p>\t\t\t\t\t\t\t\t<\/div>\n\t\t\t\t\t<\/div>\n\t\t\t\t<\/div>\n\t\t\t\t<\/div>","protected":false},"excerpt":{"rendered":"<p>Politique de remboursement Vous disposez de 3 jours apr\u00e8s r\u00e9ception de votre article pour demander un retour. Pour \u00eatre admissible<\/p>","protected":false},"author":1,"featured_media":0,"parent":0,"menu_order":0,"comment_status":"closed","ping_status":"closed","template":"elementor_header_footer","meta":{"footnotes":""},"class_list":["post-29038","page","type-page","status-publish","hentry"],"_hostinger_reach_plugin_has_subscription_block":false,"_hostinger_reach_plugin_is_elementor":false,"_links":{"self":[{"href":"https:\/\/milaelegance.com\/en\/wp-json\/wp\/v2\/pages\/29038","targetHints":{"allow":["GET"]}}],"collection":[{"href":"https:\/\/milaelegance.com\/en\/wp-json\/wp\/v2\/pages"}],"about":[{"href":"https:\/\/milaelegance.com\/en\/wp-json\/wp\/v2\/types\/page"}],"author":[{"embeddable":true,"href":"https:\/\/milaelegance.com\/en\/wp-json\/wp\/v2\/users\/1"}],"replies":[{"embeddable":true,"href":"https:\/\/milaelegance.com\/en\/wp-json\/wp\/v2\/comments?post=29038"}],"version-history":[{"count":7,"href":"https:\/\/milaelegance.com\/en\/wp-json\/wp\/v2\/pages\/29038\/revisions"}],"predecessor-version":[{"id":29361,"href":"https:\/\/milaelegance.com\/en\/wp-json\/wp\/v2\/pages\/29038\/revisions\/29361"}],"wp:attachment":[{"href":"https:\/\/milaelegance.com\/en\/wp-json\/wp\/v2\/media?parent=29038"}],"curies":[{"name":"wp","href":"https:\/\/api.w.org\/{rel}","templated":true}]}}